{"id":34358,"date":"2025-02-25T05:13:29","date_gmt":"2025-02-25T05:13:29","guid":{"rendered":"https:\/\/aqua-cloud.io\/?page_id=34358"},"modified":"2025-02-25T05:14:23","modified_gmt":"2025-02-25T05:14:23","slug":"quality-assurance-management-software","status":"publish","type":"page","link":"https:\/\/site-rq067637addp.aqua-testing.com\/de\/quality-assurance-management-software\/","title":{"rendered":"KI-gesteuerte Qualit\u00e4tsmanagement-Plattform"},"content":{"rendered":"","protected":false},"excerpt":{"rendered":"","protected":false},"author":30,"featured_media":0,"parent":0,"menu_order":0,"comment_status":"closed","ping_status":"closed","template":"templates\/template-constructor.php","meta":{"_acf_changed":false,"footnotes":""},"class_list":["post-34358","page","type-page","status-publish","hentry"],"acf":[],"yoast_head":"<!-- This site is optimized with the Yoast SEO plugin v26.1.1 - https:\/\/yoast.com\/wordpress\/plugins\/seo\/ -->\n<title>KI-gesteuerte Qualit\u00e4tsmanagement-Plattform - aqua cloud<\/title>\n<meta name=\"description\" content=\"Die Zeiten manueller Softwaretests sind vorbei. Es ist Zeit, eine KI-unterst\u00fctzte Qualit\u00e4tsmanagement-Plattform f\u00fcr 2025 zu w\u00e4hlen.\" \/>\n<meta name=\"robots\" content=\"index, follow, max-snippet:-1, max-image-preview:large, max-video-preview:-1\" \/>\n<meta property=\"og:locale\" content=\"de_DE\" \/>\n<meta property=\"og:type\" content=\"article\" \/>\n<meta property=\"og:title\" content=\"KI-gesteuerte Qualit\u00e4tsmanagement-Plattform - aqua cloud\" \/>\n<meta property=\"og:description\" content=\"Die Zeiten manueller Softwaretests sind vorbei. Es ist Zeit, eine KI-unterst\u00fctzte Qualit\u00e4tsmanagement-Plattform f\u00fcr 2025 zu w\u00e4hlen.\" \/>\n<meta property=\"og:url\" content=\"https:\/\/site-rq067637addp.aqua-testing.com\/de\/wp-json\/wp\/v2\/pages\/34358\/\" \/>\n<meta property=\"og:site_name\" content=\"aqua cloud\" \/>\n<meta property=\"article:publisher\" content=\"https:\/\/www.facebook.com\/aquacloudtesting\" \/>\n<meta property=\"article:modified_time\" content=\"2025-02-25T05:14:23+00:00\" \/>\n<meta property=\"og:image\" content=\"https:\/\/aqua-cloud.io\/wp-content\/uploads\/2023\/05\/Test-case-management.png\" \/>\n\t<meta property=\"og:image:width\" content=\"1248\" \/>\n\t<meta property=\"og:image:height\" content=\"740\" \/>\n\t<meta property=\"og:image:type\" content=\"image\/png\" \/>\n<meta name=\"twitter:card\" content=\"summary_large_image\" \/>\n<meta name=\"twitter:image\" content=\"https:\/\/site-rq067637addp.aqua-testing.com\/wp-content\/uploads\/2023\/05\/Test-case-management.png\" \/>\n<meta name=\"twitter:site\" content=\"@aqua_testing\" \/>\n<script type=\"application\/ld+json\" class=\"yoast-schema-graph\">{\"@context\":\"https:\/\/schema.org\",\"@graph\":[{\"@type\":\"WebPage\",\"@id\":\"https:\/\/site-rq067637addp.aqua-testing.com\/de\/quality-assurance-management-software\/\",\"url\":\"https:\/\/site-rq067637addp.aqua-testing.com\/de\/quality-assurance-management-software\/\",\"name\":\"KI-gesteuerte Qualit\u00e4tsmanagement-Plattform - aqua cloud\",\"isPartOf\":{\"@id\":\"https:\/\/aqua-cloud.io\/#website\"},\"datePublished\":\"2025-02-25T05:13:29+00:00\",\"dateModified\":\"2025-02-25T05:14:23+00:00\",\"description\":\"Die Zeiten manueller Softwaretests sind vorbei. Es ist Zeit, eine KI-unterst\u00fctzte Qualit\u00e4tsmanagement-Plattform f\u00fcr 2025 zu w\u00e4hlen.\",\"breadcrumb\":{\"@id\":\"https:\/\/site-rq067637addp.aqua-testing.com\/de\/quality-assurance-management-software\/#breadcrumb\"},\"inLanguage\":\"de\",\"potentialAction\":[{\"@type\":\"ReadAction\",\"target\":[\"https:\/\/site-rq067637addp.aqua-testing.com\/de\/quality-assurance-management-software\/\"]}]},{\"@type\":\"BreadcrumbList\",\"@id\":\"https:\/\/site-rq067637addp.aqua-testing.com\/de\/quality-assurance-management-software\/#breadcrumb\",\"itemListElement\":[{\"@type\":\"ListItem\",\"position\":1,\"name\":\"Home\",\"item\":\"https:\/\/site-rq067637addp.aqua-testing.com\/de\/\"},{\"@type\":\"ListItem\",\"position\":2,\"name\":\"KI-gesteuerte Qualit\u00e4tsmanagement-Plattform\",\"item\":\"https:\/\/site-rq067637addp.aqua-testing.com\/de\/wp-json\/wp\/v2\/pages\/34358\/\"}]},{\"@type\":\"WebSite\",\"@id\":\"https:\/\/aqua-cloud.io\/#website\",\"url\":\"https:\/\/aqua-cloud.io\/\",\"name\":\"aqua cloud\",\"description\":\"AI\u2011powered test management and testing: requirements, test cases, and data in seconds\",\"publisher\":{\"@id\":\"https:\/\/aqua-cloud.io\/#organization\"},\"potentialAction\":[{\"@type\":\"SearchAction\",\"target\":{\"@type\":\"EntryPoint\",\"urlTemplate\":\"https:\/\/aqua-cloud.io\/?s={search_term_string}\"},\"query-input\":{\"@type\":\"PropertyValueSpecification\",\"valueRequired\":true,\"valueName\":\"search_term_string\"}}],\"inLanguage\":\"de\"},{\"@type\":\"Organization\",\"@id\":\"https:\/\/aqua-cloud.io\/#organization\",\"name\":\"aqua cloud\",\"alternateName\":\"aqua cloud GmbH\",\"url\":\"https:\/\/aqua-cloud.io\/\",\"logo\":{\"@type\":\"ImageObject\",\"inLanguage\":\"de\",\"@id\":\"https:\/\/aqua-cloud.io\/#\/schema\/logo\/image\/\",\"url\":\"https:\/\/erepa7ohg8r.exactdn.com\/wp-content\/uploads\/2024\/06\/aqua_696x696.png?lossy=1&quality=75&webp=92&ssl=1\",\"contentUrl\":\"https:\/\/erepa7ohg8r.exactdn.com\/wp-content\/uploads\/2024\/06\/aqua_696x696.png?lossy=1&quality=75&webp=92&ssl=1\",\"width\":696,\"height\":696,\"caption\":\"aqua cloud\"},\"image\":{\"@id\":\"https:\/\/aqua-cloud.io\/#\/schema\/logo\/image\/\"},\"sameAs\":[\"https:\/\/www.facebook.com\/aquacloudtesting\",\"https:\/\/x.com\/aqua_testing\"]}]}<\/script>\n<!-- \/ Yoast SEO plugin. -->","yoast_head_json":{"title":"KI-gesteuerte Qualit\u00e4tsmanagement-Plattform - aqua cloud","description":"Die Zeiten manueller Softwaretests sind vorbei. Es ist Zeit, eine KI-unterst\u00fctzte Qualit\u00e4tsmanagement-Plattform f\u00fcr 2025 zu w\u00e4hlen.","robots":{"index":"index","follow":"follow","max-snippet":"max-snippet:-1","max-image-preview":"max-image-preview:large","max-video-preview":"max-video-preview:-1"},"og_locale":"de_DE","og_type":"article","og_title":"KI-gesteuerte Qualit\u00e4tsmanagement-Plattform - aqua cloud","og_description":"Die Zeiten manueller Softwaretests sind vorbei. Es ist Zeit, eine KI-unterst\u00fctzte Qualit\u00e4tsmanagement-Plattform f\u00fcr 2025 zu w\u00e4hlen.","og_url":"https:\/\/site-rq067637addp.aqua-testing.com\/de\/wp-json\/wp\/v2\/pages\/34358\/","og_site_name":"aqua cloud","article_publisher":"https:\/\/www.facebook.com\/aquacloudtesting","article_modified_time":"2025-02-25T05:14:23+00:00","og_image":[{"width":1248,"height":740,"url":"https:\/\/aqua-cloud.io\/wp-content\/uploads\/2023\/05\/Test-case-management.png","type":"image\/png"}],"twitter_card":"summary_large_image","twitter_image":"https:\/\/site-rq067637addp.aqua-testing.com\/wp-content\/uploads\/2023\/05\/Test-case-management.png","twitter_site":"@aqua_testing","schema":{"@context":"https:\/\/schema.org","@graph":[{"@type":"WebPage","@id":"https:\/\/site-rq067637addp.aqua-testing.com\/de\/quality-assurance-management-software\/","url":"https:\/\/site-rq067637addp.aqua-testing.com\/de\/quality-assurance-management-software\/","name":"KI-gesteuerte Qualit\u00e4tsmanagement-Plattform - aqua cloud","isPartOf":{"@id":"https:\/\/aqua-cloud.io\/#website"},"datePublished":"2025-02-25T05:13:29+00:00","dateModified":"2025-02-25T05:14:23+00:00","description":"Die Zeiten manueller Softwaretests sind vorbei. Es ist Zeit, eine KI-unterst\u00fctzte Qualit\u00e4tsmanagement-Plattform f\u00fcr 2025 zu w\u00e4hlen.","breadcrumb":{"@id":"https:\/\/site-rq067637addp.aqua-testing.com\/de\/quality-assurance-management-software\/#breadcrumb"},"inLanguage":"de","potentialAction":[{"@type":"ReadAction","target":["https:\/\/site-rq067637addp.aqua-testing.com\/de\/quality-assurance-management-software\/"]}]},{"@type":"BreadcrumbList","@id":"https:\/\/site-rq067637addp.aqua-testing.com\/de\/quality-assurance-management-software\/#breadcrumb","itemListElement":[{"@type":"ListItem","position":1,"name":"Home","item":"https:\/\/site-rq067637addp.aqua-testing.com\/de\/"},{"@type":"ListItem","position":2,"name":"KI-gesteuerte Qualit\u00e4tsmanagement-Plattform","item":"https:\/\/site-rq067637addp.aqua-testing.com\/de\/wp-json\/wp\/v2\/pages\/34358\/"}]},{"@type":"WebSite","@id":"https:\/\/aqua-cloud.io\/#website","url":"https:\/\/aqua-cloud.io\/","name":"aqua cloud","description":"AI\u2011powered test management and testing: requirements, test cases, and data in seconds","publisher":{"@id":"https:\/\/aqua-cloud.io\/#organization"},"potentialAction":[{"@type":"SearchAction","target":{"@type":"EntryPoint","urlTemplate":"https:\/\/aqua-cloud.io\/?s={search_term_string}"},"query-input":{"@type":"PropertyValueSpecification","valueRequired":true,"valueName":"search_term_string"}}],"inLanguage":"de"},{"@type":"Organization","@id":"https:\/\/aqua-cloud.io\/#organization","name":"aqua cloud","alternateName":"aqua cloud GmbH","url":"https:\/\/aqua-cloud.io\/","logo":{"@type":"ImageObject","inLanguage":"de","@id":"https:\/\/aqua-cloud.io\/#\/schema\/logo\/image\/","url":"https:\/\/erepa7ohg8r.exactdn.com\/wp-content\/uploads\/2024\/06\/aqua_696x696.png?lossy=1&quality=75&webp=92&ssl=1","contentUrl":"https:\/\/erepa7ohg8r.exactdn.com\/wp-content\/uploads\/2024\/06\/aqua_696x696.png?lossy=1&quality=75&webp=92&ssl=1","width":696,"height":696,"caption":"aqua cloud"},"image":{"@id":"https:\/\/aqua-cloud.io\/#\/schema\/logo\/image\/"},"sameAs":["https:\/\/www.facebook.com\/aquacloudtesting","https:\/\/x.com\/aqua_testing"]}]}},"_links":{"self":[{"href":"https:\/\/site-rq067637addp.aqua-testing.com\/de\/wp-json\/wp\/v2\/pages\/34358","targetHints":{"allow":["GET"]}}],"collection":[{"href":"https:\/\/site-rq067637addp.aqua-testing.com\/de\/wp-json\/wp\/v2\/pages"}],"about":[{"href":"https:\/\/site-rq067637addp.aqua-testing.com\/de\/wp-json\/wp\/v2\/types\/page"}],"author":[{"embeddable":true,"href":"https:\/\/site-rq067637addp.aqua-testing.com\/de\/wp-json\/wp\/v2\/users\/30"}],"replies":[{"embeddable":true,"href":"https:\/\/site-rq067637addp.aqua-testing.com\/de\/wp-json\/wp\/v2\/comments?post=34358"}],"version-history":[{"count":2,"href":"https:\/\/site-rq067637addp.aqua-testing.com\/de\/wp-json\/wp\/v2\/pages\/34358\/revisions"}],"predecessor-version":[{"id":34367,"href":"https:\/\/site-rq067637addp.aqua-testing.com\/de\/wp-json\/wp\/v2\/pages\/34358\/revisions\/34367"}],"wp:attachment":[{"href":"https:\/\/site-rq067637addp.aqua-testing.com\/de\/wp-json\/wp\/v2\/media?parent=34358"}],"curies":[{"name":"wp","href":"https:\/\/api.w.org\/{rel}","templated":true}]}}